{"id":8,"date":"2025-06-21T10:35:32","date_gmt":"2025-06-21T10:35:32","guid":{"rendered":"https:\/\/gorkemelektrik.com\/?page_id=8"},"modified":"2025-06-27T11:12:49","modified_gmt":"2025-06-27T11:12:49","slug":"hakkinda","status":"publish","type":"page","link":"https:\/\/gorkemelektrik.com\/index.php\/hakkinda\/","title":{"rendered":"HAKKIMIZDA"},"content":{"rendered":"\n<div class=\"wp-block-cover alignfull\" style=\"min-height:600px;aspect-ratio:unset;\"><span aria-hidden=\"true\" class=\"wp-block-cover__background has-nv-dark-bg-background-color has-background-dim-100 has-background-dim\"><\/span><div class=\"wp-block-cover__inner-container is-layout-flow wp-block-cover-is-layout-flow\">\n<div class=\"wp-block-group\"><div class=\"wp-block-group__inner-container is-layout-flow wp-block-group-is-layout-flow\">\n<div style=\"height:80px\" aria-hidden=\"true\" class=\"wp-block-spacer\"><\/div>\n\n\n\n<div class=\"wp-block-columns are-vertically-aligned-center is-layout-flex wp-container-core-columns-is-layout-9d6595d7 wp-block-columns-is-layout-flex\">\n<div class=\"wp-block-column is-vertically-aligned-center is-layout-flow wp-block-column-is-layout-flow\" style=\"padding-right:var(--wp--preset--spacing--30);padding-left:var(--wp--preset--spacing--30);flex-basis:50%\">\n<h2 class=\"wp-block-heading has-nv-text-dark-bg-color has-text-color\">Hakk\u0131m\u0131zda<\/h2>\n\n\n\n<p>G\u00d6RKEM ELEKTR\u0130K, 2000 y\u0131l\u0131nda tesisat plan ve proje i\u015fleriyle elektrik sekt\u00f6r\u00fcne ad\u0131m atm\u0131\u015ft\u0131r. 2014 y\u0131l\u0131nda geni\u015fleyen pazarlama a\u011f\u0131yla toptan sat\u0131\u015f faaliyetlerine de ba\u015flam\u0131\u015f, bug\u00fcn ise hem toptan sat\u0131\u015f hem de proje-taahh\u00fct alanlar\u0131nda ba\u015far\u0131yla hizmet vermektedir.<\/p>\n\n\n\n<p class=\"has-nv-text-dark-bg-color has-text-color\">Kendi markas\u0131 GRKM ile sekt\u00f6rdeki deneyimini bir ad\u0131m ileriye ta\u015f\u0131yan firmam\u0131z, kaliteyi uygun fiyat ve g\u00fcvenilir hizmet anlay\u0131\u015f\u0131yla birle\u015ftirerek, m\u00fc\u015fterilerine s\u00fcrd\u00fcr\u00fclebilir \u00e7\u00f6z\u00fcmler sunmaktad\u0131r.<\/p>\n\n\n\n<p class=\"has-nv-c-1-color has-text-color has-link-color has-large-font-size wp-elements-789d35556f61537cb15038c5ecddca4c\"><strong>Neden Biz?<\/strong><\/p>\n\n\n\n<p>\u2705 Kalite ve G\u00fcven: Global \u00fcreticilerin kaliteli \u00fcr\u00fcnlerini ekonomik fiyatlarla sunuyoruz.<br>\u2705 Deneyimli Ekip: Alan\u0131nda uzman teknik kadromuzla her projeye profesyonel yakla\u015f\u0131m.<br>\u2705 Toptan ve Perakende Sat\u0131\u015f: Geni\u015f \u00fcr\u00fcn yelpazesi ve g\u00fc\u00e7l\u00fc stok kapasitesi ile h\u0131zl\u0131 \u00e7\u00f6z\u00fcm.<br>\u2705 Konum: Konya B\u00fcsan Sanayi B\u00f6lgesi\u2019ndeki ma\u011fazam\u0131zda birebir hizmet.<br>\u2705 %100 M\u00fc\u015fteri Memnuniyeti: Sat\u0131\u015f \u00f6ncesi ve sonras\u0131 tam destek.<\/p>\n\n\n\n<div class=\"wp-block-buttons has-custom-font-size has-small-font-size is-content-justification-left is-layout-flex wp-container-core-buttons-is-layout-fdcfc74e wp-block-buttons-is-layout-flex\">\n<div class=\"wp-block-button is-style-default\"><a class=\"wp-block-button__link has-nv-text-dark-bg-color has-nv-c-1-background-color has-text-color has-background has-link-color has-custom-font-size wp-element-button\" href=\"https:\/\/gorkemelektrik.com\/index.php\/contact\/\" style=\"font-size:16px\">\u0130leti\u015fim<\/a><\/div>\n<\/div>\n\n\n\n<div style=\"height:20px\" aria-hidden=\"true\" class=\"wp-block-spacer\"><\/div>\n<\/div>\n\n\n\n<div class=\"wp-block-column is-vertically-aligned-center is-layout-flow wp-block-column-is-layout-flow\" style=\"padding-right:var(--wp--preset--spacing--30);padding-left:var(--wp--preset--spacing--30);flex-basis:50%\">\n<figure class=\"wp-block-image size-full has-custom-border\"><img loading=\"lazy\" decoding=\"async\" width=\"1080\" height=\"1466\" src=\"https:\/\/gorkemelektrik.com\/wp-content\/uploads\/2025\/06\/WhatsApp-Image-2025-06-26-at-14.02.31-2.jpeg\" alt=\"\" class=\"wp-image-116\" style=\"border-radius:16px\" srcset=\"https:\/\/gorkemelektrik.com\/wp-content\/uploads\/2025\/06\/WhatsApp-Image-2025-06-26-at-14.02.31-2.jpeg 1080w, https:\/\/gorkemelektrik.com\/wp-content\/uploads\/2025\/06\/WhatsApp-Image-2025-06-26-at-14.02.31-2-221x300.jpeg 221w, https:\/\/gorkemelektrik.com\/wp-content\/uploads\/2025\/06\/WhatsApp-Image-2025-06-26-at-14.02.31-2-754x1024.jpeg 754w, https:\/\/gorkemelektrik.com\/wp-content\/uploads\/2025\/06\/WhatsApp-Image-2025-06-26-at-14.02.31-2-768x1042.jpeg 768w\" sizes=\"auto, (max-width: 1080px) 100vw, 1080px\" \/><\/figure>\n<\/div>\n<\/div>\n<\/div><\/div>\n<\/div><\/div>\n\n\n\n<div class=\"wp-block-cover alignfull\" style=\"min-height:322px;aspect-ratio:unset;\"><span aria-hidden=\"true\" class=\"wp-block-cover__background has-nv-light-bg-background-color has-background-dim-100 has-background-dim\"><\/span><div class=\"wp-block-cover__inner-container is-layout-flow wp-block-cover-is-layout-flow\">\n<div class=\"wp-block-group\"><div class=\"wp-block-group__inner-container is-layout-flow wp-block-group-is-layout-flow\">\n<div class=\"wp-block-columns has-nv-text-dark-bg-color has-nv-c-1-background-color has-text-color has-background has-link-color wp-elements-8854a700551472a6381940750cfac82b is-layout-flex wp-container-core-columns-is-layout-54bf4747 wp-block-columns-is-layout-flex\" style=\"border-radius:24px;padding-top:var(--wp--preset--spacing--70);padding-right:var(--wp--preset--spacing--70);padding-bottom:var(--wp--preset--spacing--70);padding-left:var(--wp--preset--spacing--70)\">\n<div class=\"wp-block-column is-layout-flow wp-block-column-is-layout-flow\" style=\"flex-basis:100%\">\n<p class=\"has-text-align-right has-nv-text-dark-bg-color has-text-color has-link-color has-medium-font-size wp-elements-e1dd23f454c65e15393d2dec943683dc\">Uzman kadromuz ve deneyimimiz ile her zaman yan\u0131n\u0131zday\u0131z&#8230;<\/p>\n<\/div>\n<\/div>\n<\/div><\/div>\n<\/div><\/div>\n","protected":false},"excerpt":{"rendered":"","protected":false},"author":1,"featured_media":0,"parent":0,"menu_order":0,"comment_status":"closed","ping_status":"closed","template":"","meta":{"neve_meta_sidebar":"","neve_meta_container":"","neve_meta_enable_content_width":"on","neve_meta_content_width":100,"neve_meta_title_alignment":"","neve_meta_author_avatar":"","neve_post_elements_order":"","neve_meta_disable_header":"","neve_meta_disable_footer":"","neve_meta_disable_title":"on","footnotes":""},"class_list":["post-8","page","type-page","status-publish","hentry"],"_links":{"self":[{"href":"https:\/\/gorkemelektrik.com\/index.php\/wp-json\/wp\/v2\/pages\/8","targetHints":{"allow":["GET"]}}],"collection":[{"href":"https:\/\/gorkemelektrik.com\/index.php\/wp-json\/wp\/v2\/pages"}],"about":[{"href":"https:\/\/gorkemelektrik.com\/index.php\/wp-json\/wp\/v2\/types\/page"}],"author":[{"embeddable":true,"href":"https:\/\/gorkemelektrik.com\/index.php\/wp-json\/wp\/v2\/users\/1"}],"replies":[{"embeddable":true,"href":"https:\/\/gorkemelektrik.com\/index.php\/wp-json\/wp\/v2\/comments?post=8"}],"version-history":[{"count":10,"href":"https:\/\/gorkemelektrik.com\/index.php\/wp-json\/wp\/v2\/pages\/8\/revisions"}],"predecessor-version":[{"id":134,"href":"https:\/\/gorkemelektrik.com\/index.php\/wp-json\/wp\/v2\/pages\/8\/revisions\/134"}],"wp:attachment":[{"href":"https:\/\/gorkemelektrik.com\/index.php\/wp-json\/wp\/v2\/media?parent=8"}],"curies":[{"name":"wp","href":"https:\/\/api.w.org\/{rel}","templated":true}]}}