{"id":7,"date":"2025-06-21T10:35:32","date_gmt":"2025-06-21T10:35:32","guid":{"rendered":"https:\/\/gorkemelektrik.com\/?page_id=7"},"modified":"2025-06-27T11:12:03","modified_gmt":"2025-06-27T11:12:03","slug":"ana-sayfa","status":"publish","type":"page","link":"https:\/\/gorkemelektrik.com\/","title":{"rendered":"Ana sayfa"},"content":{"rendered":"\n<div class=\"wp-block-cover alignfull wp-duotone-unset-1\"><img loading=\"lazy\" decoding=\"async\" width=\"1024\" height=\"750\" class=\"wp-block-cover__image-background wp-image-90\" alt=\"g\u00f6rkem elektrik konya\" src=\"https:\/\/gorkemelektrik.com\/wp-content\/uploads\/2025\/06\/WhatsApp-Image-2025-06-26-at-14.04.09-1-1024x750.jpeg\" style=\"object-position:41% 17%\" data-object-fit=\"cover\" data-object-position=\"41% 17%\" srcset=\"https:\/\/gorkemelektrik.com\/wp-content\/uploads\/2025\/06\/WhatsApp-Image-2025-06-26-at-14.04.09-1-1024x750.jpeg 1024w, https:\/\/gorkemelektrik.com\/wp-content\/uploads\/2025\/06\/WhatsApp-Image-2025-06-26-at-14.04.09-1-300x220.jpeg 300w, https:\/\/gorkemelektrik.com\/wp-content\/uploads\/2025\/06\/WhatsApp-Image-2025-06-26-at-14.04.09-1-768x562.jpeg 768w, https:\/\/gorkemelektrik.com\/wp-content\/uploads\/2025\/06\/WhatsApp-Image-2025-06-26-at-14.04.09-1.jpeg 1080w\" sizes=\"auto, (max-width: 1024px) 100vw, 1024px\" \/><span aria-hidden=\"true\" class=\"wp-block-cover__background has-background-dim\"><\/span><div class=\"wp-block-cover__inner-container is-layout-flow wp-block-cover-is-layout-flow\">\n<p class=\"has-text-align-center has-nv-c-1-color has-text-color has-link-color has-large-font-size wp-elements-c9ee2269d67738e77306654a2f74ef65\"><strong>2000&#8242; den bu yana enerjinin g\u00fcvenilir adresi&#8230;<\/strong><\/p>\n<\/div><\/div>\n\n\n\n<p><\/p>\n\n\n\n<p><strong>Vizyonumuz<\/strong><\/p>\n\n\n\n<p>Daima en iyi olmak ve m\u00fc\u015fterilerimize en iyi hizmeti sunmak i\u00e7in kendimizi s\u00fcrekli geli\u015ftiriyoruz.<br>Hedefimiz; yenilik\u00e7i, g\u00fcvenilir, kaliteli ve global trendlere uygun \u00e7\u00f6z\u00fcmlerle sekt\u00f6rde lider olmak.<\/p>\n\n\n\n<hr class=\"wp-block-separator has-alpha-channel-opacity\"\/>\n\n\n\n<p><strong>Misyonumuz<\/strong><\/p>\n\n\n\n<p>M\u00fc\u015fteri ihtiya\u00e7lar\u0131na \u00f6zel, kaliteli \u00fcr\u00fcn ve \u00e7\u00f6z\u00fcmler sunarak y\u00fcksek m\u00fc\u015fteri ba\u011fl\u0131l\u0131\u011f\u0131 sa\u011flamak.<br>\u201c\u0130nsana yap\u0131lan hizmet en y\u00fcce hizmettir\u201d anlay\u0131\u015f\u0131yla, %100 memnuniyeti s\u00fcrekli hale getirmek.<\/p>\n\n\n\n<hr class=\"wp-block-separator has-alpha-channel-opacity\"\/>\n\n\n\n<p><strong>Kalite Anlay\u0131\u015f\u0131m\u0131z<\/strong><\/p>\n\n\n\n<p>\ud83d\udd38 M\u00fc\u015fteri odakl\u0131 \u00e7al\u0131\u015fma<br>\ud83d\udd38 S\u00fcrekli iyile\u015ftirme ve geli\u015fim<br>\ud83d\udd38 Etik de\u011ferlere ba\u011fl\u0131l\u0131k<br>\ud83d\udd38 \u00c7al\u0131\u015fan ve m\u00fc\u015fteri memnuniyetini \u00f6ncelik edinme<\/p>\n\n\n\n<div class=\"wp-block-cover alignfull\" style=\"min-height:300px;aspect-ratio:unset;\"><span aria-hidden=\"true\" class=\"wp-block-cover__background has-nv-c-1-background-color has-background-dim-100 has-background-dim\"><\/span><div class=\"wp-block-cover__inner-container is-layout-flow wp-block-cover-is-layout-flow\">\n<div class=\"wp-block-columns is-layout-flex wp-container-core-columns-is-layout-9d6595d7 wp-block-columns-is-layout-flex\">\n<div class=\"wp-block-column is-layout-flow wp-block-column-is-layout-flow\" style=\"flex-basis:60%\">\n<div class=\"wp-block-group\"><div class=\"wp-block-group__inner-container is-layout-constrained wp-block-group-is-layout-constrained\">\n<div class=\"wp-block-buttons is-horizontal is-content-justification-center is-layout-flex wp-container-core-buttons-is-layout-499968f5 wp-block-buttons-is-layout-flex\">\n<div class=\"wp-block-button is-style-primary\"><a class=\"wp-block-button__link has-nv-c-1-color has-text-color has-background has-link-color wp-element-button\" href=\"https:\/\/gorkemelektrik.com\/index.php\/contact\/\" style=\"background-color:#ffffff\">\u0130leti\u015fim<\/a><\/div>\n<\/div>\n<\/div><\/div>\n<\/div>\n<\/div>\n<\/div><\/div>\n\n\n\n<p><\/p>\n","protected":false},"excerpt":{"rendered":"<p>Vizyonumuz Daima en iyi olmak ve m\u00fc\u015fterilerimize en iyi hizmeti sunmak i\u00e7in kendimizi s\u00fcrekli geli\u015ftiriyoruz.Hedefimiz; yenilik\u00e7i, g\u00fcvenilir, kaliteli ve global trendlere uygun \u00e7\u00f6z\u00fcmlerle sekt\u00f6rde lider olmak. Misyonumuz M\u00fc\u015fteri ihtiya\u00e7lar\u0131na \u00f6zel, kaliteli \u00fcr\u00fcn ve \u00e7\u00f6z\u00fcmler sunarak y\u00fcksek m\u00fc\u015fteri ba\u011fl\u0131l\u0131\u011f\u0131 sa\u011flamak.\u201c\u0130nsana yap\u0131lan hizmet en y\u00fcce hizmettir\u201d anlay\u0131\u015f\u0131yla, %100 memnuniyeti s\u00fcrekli hale getirmek. Kalite Anlay\u0131\u015f\u0131m\u0131z \ud83d\udd38 M\u00fc\u015fteri odakl\u0131&hellip;&nbsp;<\/p>\n","protected":false},"author":1,"featured_media":0,"parent":0,"menu_order":0,"comment_status":"closed","ping_status":"closed","template":"","meta":{"neve_meta_sidebar":"default","neve_meta_container":"contained","neve_meta_enable_content_width":"on","neve_meta_content_width":70,"neve_meta_title_alignment":"center","neve_meta_author_avatar":"","neve_post_elements_order":"","neve_meta_disable_header":"","neve_meta_disable_footer":"","neve_meta_disable_title":"on","footnotes":""},"class_list":["post-7","page","type-page","status-publish","hentry"],"_links":{"self":[{"href":"https:\/\/gorkemelektrik.com\/index.php\/wp-json\/wp\/v2\/pages\/7","targetHints":{"allow":["GET"]}}],"collection":[{"href":"https:\/\/gorkemelektrik.com\/index.php\/wp-json\/wp\/v2\/pages"}],"about":[{"href":"https:\/\/gorkemelektrik.com\/index.php\/wp-json\/wp\/v2\/types\/page"}],"author":[{"embeddable":true,"href":"https:\/\/gorkemelektrik.com\/index.php\/wp-json\/wp\/v2\/users\/1"}],"replies":[{"embeddable":true,"href":"https:\/\/gorkemelektrik.com\/index.php\/wp-json\/wp\/v2\/comments?post=7"}],"version-history":[{"count":34,"href":"https:\/\/gorkemelektrik.com\/index.php\/wp-json\/wp\/v2\/pages\/7\/revisions"}],"predecessor-version":[{"id":132,"href":"https:\/\/gorkemelektrik.com\/index.php\/wp-json\/wp\/v2\/pages\/7\/revisions\/132"}],"wp:attachment":[{"href":"https:\/\/gorkemelektrik.com\/index.php\/wp-json\/wp\/v2\/media?parent=7"}],"curies":[{"name":"wp","href":"https:\/\/api.w.org\/{rel}","templated":true}]}}