{"id":11,"date":"2025-06-21T10:35:33","date_gmt":"2025-06-21T10:35:33","guid":{"rendered":"https:\/\/gorkemelektrik.com\/?page_id=11"},"modified":"2025-06-27T11:19:03","modified_gmt":"2025-06-27T11:19:03","slug":"proje-ayrintilari","status":"publish","type":"page","link":"https:\/\/gorkemelektrik.com\/index.php\/proje-ayrintilari\/","title":{"rendered":"PROJELER"},"content":{"rendered":"\n<div class=\"wp-block-cover alignfull\" style=\"min-height:654px;aspect-ratio:unset;\"><span aria-hidden=\"true\" class=\"wp-block-cover__background has-nv-site-bg-background-color has-background-dim-100 has-background-dim\"><\/span><div class=\"wp-block-cover__inner-container is-layout-flow wp-block-cover-is-layout-flow\">\n<div class=\"wp-block-group\" style=\"padding-right:var(--wp--preset--spacing--30);padding-left:var(--wp--preset--spacing--30)\"><div class=\"wp-block-group__inner-container is-layout-flow wp-block-group-is-layout-flow\">\n<div class=\"wp-block-columns are-vertically-aligned-center is-layout-flex wp-container-core-columns-is-layout-9d6595d7 wp-block-columns-is-layout-flex\">\n<div class=\"wp-block-column is-vertically-aligned-center is-layout-flow wp-block-column-is-layout-flow\" style=\"flex-basis:70%\">\n<div style=\"height:24px\" aria-hidden=\"true\" class=\"wp-block-spacer\"><\/div>\n\n\n\n<h1 class=\"wp-block-heading has-text-align-left has-neve-text-color-color has-text-color\">Faaliyet Alanlar\u0131m\u0131z<\/h1>\n\n\n<div class=\"wp-block-image\">\n<figure class=\"alignleft size-large is-resized\"><img loading=\"lazy\" decoding=\"async\" width=\"1004\" height=\"1024\" src=\"https:\/\/gorkemelektrik.com\/wp-content\/uploads\/2025\/06\/WhatsApp-Image-2025-06-26-at-14.02.32-1004x1024.jpeg\" alt=\"\" class=\"wp-image-127\" style=\"width:260px;height:auto\" srcset=\"https:\/\/gorkemelektrik.com\/wp-content\/uploads\/2025\/06\/WhatsApp-Image-2025-06-26-at-14.02.32-1004x1024.jpeg 1004w, https:\/\/gorkemelektrik.com\/wp-content\/uploads\/2025\/06\/WhatsApp-Image-2025-06-26-at-14.02.32-294x300.jpeg 294w, https:\/\/gorkemelektrik.com\/wp-content\/uploads\/2025\/06\/WhatsApp-Image-2025-06-26-at-14.02.32-768x784.jpeg 768w, https:\/\/gorkemelektrik.com\/wp-content\/uploads\/2025\/06\/WhatsApp-Image-2025-06-26-at-14.02.32.jpeg 1080w\" sizes=\"auto, (max-width: 1004px) 100vw, 1004px\" \/><\/figure><\/div>\n\n\n<p class=\"has-text-align-right has-neve-text-color-color has-text-color\" style=\"font-size:22px\">Elektrik Tesisat Plan ve Proje Hizmetleri<br>OG &amp; AG (Orta ve Al\u00e7ak Gerilim) Sistemleri<br>Fabrika Ayd\u0131nlatma ve Otomasyon Sistemleri<br>Busbar Sistemleri ve Kablolama<br> Kombinasyon Panolar\u0131<br>Ak\u0131ll\u0131 Bina &amp; Ak\u0131ll\u0131 Villa Sistemleri<br>Elektrik Taahh\u00fct ve Anahtar Teslim Projeler<br>Bina Otomasyon \u00c7\u00f6z\u00fcmleri<\/p>\n\n\n\n<p class=\"has-text-align-right has-neve-text-color-color has-text-color\" style=\"font-size:22px\"><\/p>\n\n\n\n<p>2-<\/p>\n<\/div>\n\n\n\n<div class=\"wp-block-column is-vertically-aligned-center is-layout-flow wp-block-column-is-layout-flow\" style=\"flex-basis:30%\"><\/div>\n<\/div>\n\n\n\n<p>2<\/p>\n<\/div><\/div>\n<\/div><\/div>\n\n\n\n<div class=\"wp-block-cover alignwide has-custom-content-position is-position-bottom-left wp-duotone-purple-green\" style=\"border-radius:32px;padding-top:var(--wp--preset--spacing--60);padding-right:var(--wp--preset--spacing--60);padding-bottom:var(--wp--preset--spacing--60);padding-left:var(--wp--preset--spacing--60);min-height:500px;aspect-ratio:unset;\"><img loading=\"lazy\" decoding=\"async\" width=\"1024\" height=\"682\" class=\"wp-block-cover__image-background wp-image-79 size-large\" alt=\"\" src=\"https:\/\/gorkemelektrik.com\/wp-content\/uploads\/2025\/06\/gorkem-1-1-1024x682.jpeg\" data-object-fit=\"cover\" srcset=\"https:\/\/gorkemelektrik.com\/wp-content\/uploads\/2025\/06\/gorkem-1-1-1024x682.jpeg 1024w, https:\/\/gorkemelektrik.com\/wp-content\/uploads\/2025\/06\/gorkem-1-1-300x200.jpeg 300w, https:\/\/gorkemelektrik.com\/wp-content\/uploads\/2025\/06\/gorkem-1-1-768x512.jpeg 768w, https:\/\/gorkemelektrik.com\/wp-content\/uploads\/2025\/06\/gorkem-1-1-1536x1023.jpeg 1536w, https:\/\/gorkemelektrik.com\/wp-content\/uploads\/2025\/06\/gorkem-1-1-930x620.jpeg 930w, https:\/\/gorkemelektrik.com\/wp-content\/uploads\/2025\/06\/gorkem-1-1.jpeg 1600w\" sizes=\"auto, (max-width: 1024px) 100vw, 1024px\" \/><span aria-hidden=\"true\" class=\"wp-block-cover__background has-neve-link-color-background-color has-background-dim\"><\/span><div class=\"wp-block-cover__inner-container is-layout-flow wp-block-cover-is-layout-flow\">\n<p class=\"has-text-align-center has-large-font-size\">\u0130\u015fimiz Elektrik&#8230;.<\/p>\n<\/div><\/div>\n\n\n\n<div class=\"wp-block-cover alignwide is-layout-flow wp-block-cover-is-layout-flow\" style=\"min-height:256px;aspect-ratio:unset;\"><img loading=\"lazy\" decoding=\"async\" width=\"615\" height=\"198\" class=\"wp-block-cover__image-background wp-image-140 size-full\" alt=\"\" src=\"https:\/\/gorkemelektrik.com\/wp-content\/uploads\/2025\/06\/gorkem-logo-1.png\" style=\"object-position:26% 88%\" data-object-fit=\"cover\" data-object-position=\"26% 88%\" srcset=\"https:\/\/gorkemelektrik.com\/wp-content\/uploads\/2025\/06\/gorkem-logo-1.png 615w, https:\/\/gorkemelektrik.com\/wp-content\/uploads\/2025\/06\/gorkem-logo-1-300x97.png 300w\" sizes=\"auto, (max-width: 615px) 100vw, 615px\" \/><span aria-hidden=\"true\" class=\"wp-block-cover__background has-nv-light-bg-background-color has-background-dim\"><\/span><div class=\"wp-block-cover__inner-container\"><\/div><\/div>\n","protected":false},"excerpt":{"rendered":"","protected":false},"author":1,"featured_media":0,"parent":0,"menu_order":0,"comment_status":"closed","ping_status":"closed","template":"","meta":{"neve_meta_sidebar":"","neve_meta_container":"","neve_meta_enable_content_width":"on","neve_meta_content_width":100,"neve_meta_title_alignment":"","neve_meta_author_avatar":"","neve_post_elements_order":"","neve_meta_disable_header":"","neve_meta_disable_footer":"","neve_meta_disable_title":"on","footnotes":""},"class_list":["post-11","page","type-page","status-publish","hentry"],"_links":{"self":[{"href":"https:\/\/gorkemelektrik.com\/index.php\/wp-json\/wp\/v2\/pages\/11","targetHints":{"allow":["GET"]}}],"collection":[{"href":"https:\/\/gorkemelektrik.com\/index.php\/wp-json\/wp\/v2\/pages"}],"about":[{"href":"https:\/\/gorkemelektrik.com\/index.php\/wp-json\/wp\/v2\/types\/page"}],"author":[{"embeddable":true,"href":"https:\/\/gorkemelektrik.com\/index.php\/wp-json\/wp\/v2\/users\/1"}],"replies":[{"embeddable":true,"href":"https:\/\/gorkemelektrik.com\/index.php\/wp-json\/wp\/v2\/comments?post=11"}],"version-history":[{"count":19,"href":"https:\/\/gorkemelektrik.com\/index.php\/wp-json\/wp\/v2\/pages\/11\/revisions"}],"predecessor-version":[{"id":144,"href":"https:\/\/gorkemelektrik.com\/index.php\/wp-json\/wp\/v2\/pages\/11\/revisions\/144"}],"wp:attachment":[{"href":"https:\/\/gorkemelektrik.com\/index.php\/wp-json\/wp\/v2\/media?parent=11"}],"curies":[{"name":"wp","href":"https:\/\/api.w.org\/{rel}","templated":true}]}}